{"id":23839,"date":"2025-04-02T16:07:53","date_gmt":"2025-04-02T14:07:53","guid":{"rendered":"https:\/\/www.brigittedunkel.de\/wpbrig\/?page_id=23839"},"modified":"2026-01-07T12:12:01","modified_gmt":"2026-01-07T10:12:01","slug":"not-dying-2025","status":"publish","type":"page","link":"https:\/\/www.brigittedunkel.de\/wpbrig\/not-dying-2025\/","title":{"rendered":"NOT DYING 2025"},"content":{"rendered":"<p style=\"text-align: center;\"><img decoding=\"async\" loading=\"lazy\" class=\"alignnone wp-image-23817\" src=\"https:\/\/www.brigittedunkel.de\/wpbrig\/wp-content\/uploads\/2025\/03\/NOT-DYING_Flyer_KOweb.jpg\" alt=\"\" width=\"400\" height=\"566\" srcset=\"https:\/\/www.brigittedunkel.de\/wpbrig\/wp-content\/uploads\/2025\/03\/NOT-DYING_Flyer_KOweb.jpg 1684w, https:\/\/www.brigittedunkel.de\/wpbrig\/wp-content\/uploads\/2025\/03\/NOT-DYING_Flyer_KOweb-212x300.jpg 212w, https:\/\/www.brigittedunkel.de\/wpbrig\/wp-content\/uploads\/2025\/03\/NOT-DYING_Flyer_KOweb-723x1024.jpg 723w, https:\/\/www.brigittedunkel.de\/wpbrig\/wp-content\/uploads\/2025\/03\/NOT-DYING_Flyer_KOweb-768x1087.jpg 768w, https:\/\/www.brigittedunkel.de\/wpbrig\/wp-content\/uploads\/2025\/03\/NOT-DYING_Flyer_KOweb-1085x1536.jpg 1085w, https:\/\/www.brigittedunkel.de\/wpbrig\/wp-content\/uploads\/2025\/03\/NOT-DYING_Flyer_KOweb-1447x2048.jpg 1447w\" sizes=\"(max-width: 400px) 100vw, 400px\" \/><\/p>\n<p>&nbsp;<\/p>\n<p style=\"text-align: left;\"><span style=\"font-size: 18pt;\"><strong><span style=\"font-family: helvetica, arial, sans-serif;\"><em>not dying<\/em>\u00a0<\/span><\/strong><\/span><\/p>\n<p><span style=\"font-size: 10pt; font-family: helvetica, arial, sans-serif;\">An exhibition based on Ingeborg Bachmanns \u00bbTODESARTEN-Projekt\u00ab<\/span><\/p>\n<p><span style=\"font-size: 10pt;\"><strong><span style=\"font-family: helvetica, arial, sans-serif;\">In her unfinished <span style=\"font-size: 10pt; font-family: helvetica, arial, sans-serif;\">\u00bbTODESARTEN-Projekt\u00ab<\/span>, Ingeborg Bachmann definitively describes the ways in which fascism, colonialism and misogyny have penetrated social DNA as thought structures. The exhibition at Haus R\u00fcschhaus boldly confronts these forms of violence by showcasing positions from the visual arts and literature that take a stand against them. While we still cannot speak of an end to these structures of violence, we can be sure that resistance to them is not dying out. <\/span><\/strong><\/span><span style=\"font-size: 8pt;\"><span style=\"font-family: helvetica, arial, sans-serif;\">(Text by Center for Literature\/Translation: deepl)<\/span><\/span><\/p>\n<p>&nbsp;<\/p>\n<p style=\"text-align: left;\"><span style=\"font-family: helvetica, arial, sans-serif;\"><strong><span style=\"font-size: 10pt;\">GROUP EXHIBITION<\/span>\u00a0 \u00a0<\/strong><\/span><\/p>\n<p><span style=\"font-size: 10pt;\"><em><span style=\"font-family: helvetica, arial, sans-serif;\"><strong>Curated by<\/strong> Jenni Bohn<\/span><\/em><\/span><\/p>\n<p>&nbsp;<\/p>\n<p><strong><span style=\"font-size: 10pt; font-family: helvetica, arial, sans-serif;\">Participating Artists<\/span><\/strong><\/p>\n<p><strong><span style=\"font-size: 10pt; font-family: helvetica, arial, sans-serif;\">Works by: <\/span><\/strong><em><span style=\"font-size: 10pt; font-family: helvetica, arial, sans-serif;\">Christiane Blattmann, <\/span><span style=\"font-size: 10pt; font-family: helvetica, arial, sans-serif;\">Brigitte Dunkel,\u00a0<\/span><span style=\"font-size: 10pt; font-family: helvetica, arial, sans-serif;\">Nora Hansen, <\/span><span style=\"font-size: 10pt; font-family: helvetica, arial, sans-serif;\">Kate Mackeson, <\/span><span style=\"font-size: 10pt; font-family: helvetica, arial, sans-serif;\">Anna McCarthy, <\/span><span style=\"font-size: 10pt; font-family: helvetica, arial, sans-serif;\">Ani Schulze, <\/span><span style=\"font-size: 10pt; font-family: helvetica, arial, sans-serif;\">Miriam Stoney, <\/span><span style=\"font-size: 10pt; font-family: helvetica, arial, sans-serif;\">Maria VMier, <\/span><span style=\"font-size: 10pt; font-family: helvetica, arial, sans-serif;\">Alison Yip and<\/span><\/em><\/p>\n<p><em><span style=\"font-size: 10pt; font-family: helvetica, arial, sans-serif;\">Students of the Kunstakademie M\u00fcnster: Evelyn Deller, Selena Knoop, Johanna-Sophie Kos &amp; Tomte Rieder, Leah Morawe, Sofia Sj\u00f6str\u00f6m, Helena Maeve Segin<\/span><\/em><\/p>\n<p><strong><span style=\"font-size: 10pt; font-family: helvetica, arial, sans-serif;\">Texts by: <\/span><\/strong><em><span style=\"font-size: 10pt; font-family: helvetica, arial, sans-serif;\">Dorothee Elmiger,\u00a0<\/span><span style=\"font-size: 10pt; font-family: helvetica, arial, sans-serif;\">Heike Gei\u00dfler,\u00a0<\/span><span style=\"font-size: 10pt; font-family: helvetica, arial, sans-serif;\">Simon\u00e9 Goldschmidt-Lechner,\u00a0<\/span><span style=\"font-size: 10pt; font-family: helvetica, arial, sans-serif;\">Charlotte Krafft,\u00a0<\/span><span style=\"font-size: 10pt; font-family: helvetica, arial, sans-serif;\">Miedya Mahmod,\u00a0<\/span><span style=\"font-size: 10pt; font-family: helvetica, arial, sans-serif;\">Jovana Reisinger,\u00a0<\/span><span style=\"font-size: 10pt; font-family: helvetica, arial, sans-serif;\">Monika Rinck,\u00a0<\/span><span style=\"font-size: 10pt; font-family: helvetica, arial, sans-serif;\">Simone Scharbert,\u00a0<\/span><\/em><em><span style=\"font-size: 10pt; font-family: helvetica, arial, sans-serif;\">Karosh Taha, <\/span><span style=\"font-size: 10pt; font-family: helvetica, arial, sans-serif;\">Evan Tepest<\/span><\/em><\/p>\n<p><span style=\"font-size: 10pt; font-family: helvetica, arial, sans-serif;\"><strong>Audio-installation<\/strong> <em>by <\/em><\/span><span style=\"font-size: 10pt; font-family: helvetica, arial, sans-serif;\"><em>Fabian Saul with<\/em> <strong>texts by: <\/strong><\/span><em><span style=\"font-size: 10pt; font-family: helvetica, arial, sans-serif;\">Quinn Latimer, <\/span><span style=\"font-size: 10pt; font-family: helvetica, arial, sans-serif;\">Snejanka Mihaylova, <\/span><span style=\"font-size: 10pt; font-family: helvetica, arial, sans-serif;\">Mayra A. Rodr\u00edguez Castro, <\/span><span style=\"font-size: 10pt; font-family: helvetica, arial, sans-serif;\">Tanasgol Sbbagh, <\/span><span style=\"font-size: 10pt; font-family: helvetica, arial, sans-serif;\">Nh\u00e3 Thuy\u00ean, <\/span><span style=\"font-size: 10pt; font-family: helvetica, arial, sans-serif;\">Eugene Yiu Nam Cheung<\/span><\/em><\/p>\n<p>&nbsp;<\/p>\n<p><strong><span style=\"font-family: helvetica, arial, sans-serif;\">CENTER FOR LITERATURE\u00a0 *\u00a0 R\u00fcschhaus\u00a0 \u00a0I\u00a0 \u00a0Am R\u00fcschhaus 81\u00a0 \u00a0I\u00a0 \u00a048161 M\u00fcnster\u2028\u00a0<\/span><\/strong><\/p>\n<p style=\"text-align: left;\"><span style=\"font-family: helvetica, arial, sans-serif; font-size: 10pt;\">Opening: April 5, 2025 &#8211; On view: <span style=\"font-family: helvetica, arial, sans-serif;\">April 6 \u2013 October 31, 2025<\/span><\/span><\/p>\n<p>&nbsp;<\/p>\n<p><span style=\"font-family: helvetica, arial, sans-serif;\"><strong><span style=\"font-size: 8pt;\">LINKS &amp; PDF<\/span><\/strong><\/span><\/p>\n<p><a href=\"https:\/\/digitale-burg.de\/studio\/not-dying\" target=\"_blank\" rel=\"noopener\"><strong><span style=\"font-size: 8pt; font-family: helvetica, arial, sans-serif;\">NOT DYING CfL Digitale Burg LINK<\/span><\/strong><\/a><\/p>\n<p><span style=\"font-family: helvetica, arial, sans-serif; font-size: 8pt;\"><a href=\"https:\/\/www.burg-huelshoff.de\/droste-museen\/ausstellungen\/not-dying\" target=\"_blank\" rel=\"noopener\"><strong>NOT DYING\u00a0 CfL Project<\/strong>\u00a0\u00a0<strong>LINK<\/strong><\/a><\/span><\/p>\n<p><span style=\"font-family: helvetica, arial, sans-serif; font-size: 8pt;\"><a href=\"https:\/\/www.burg-huelshoff.de\/orte\/haus-rueschhaus\" target=\"_blank\" rel=\"noopener\"><strong>NOT DYING\u00a0 CfL R\u00fcschaus\u00a0 LINK<\/strong><\/a>\u00a0<\/span><\/p>\n<p>&nbsp;<\/p>\n<p><strong><span style=\"font-size: 18pt; font-family: helvetica, arial, sans-serif;\">INSTALLATION VIEWS<\/span><\/strong><\/p>\n<p><strong><span style=\"font-family: helvetica, arial, sans-serif; font-size: 10pt;\">WORKS BY<\/span><\/strong><\/p>\n<p><span style=\"font-size: 8pt; font-family: helvetica, arial, sans-serif;\"><strong>Brigitte Dunkel<\/strong> &#8211; The Shaker Girl, 2020-23 * <em>Text: <strong>Simone Scharbert\u00a0 <\/strong><\/em>Ein Tag wird kommen\/A day will come, 2025<\/span><\/p>\n<p><span style=\"font-family: helvetica, arial, sans-serif; font-size: 8pt;\"><strong> Miriam Stoney<\/strong> &#8211; First Refusal, 2022 * <em><strong>Text: Monika Rinck<\/strong><\/em><\/span><\/p>\n<p><span style=\"font-size: 8pt; font-family: helvetica, arial, sans-serif;\"><strong>Maria VMier<\/strong>\u00a0&#8211; Gedanken, die sich ber\u00fchren, Drei Br\u00fccken (-), 2024 * <strong><em>Text: Dorothee Elmiger<\/em><\/strong><\/span><\/p>\n<p>&nbsp;<\/p>\n<div id=\"attachment_23935\" style=\"width: 610px\" class=\"wp-caption aligncenter\"><img aria-describedby=\"caption-attachment-23935\" decoding=\"async\" loading=\"lazy\" class=\"wp-image-23935\" src=\"https:\/\/www.brigittedunkel.de\/wpbrig\/wp-content\/uploads\/2025\/04\/ND_SG1_Oskar-Lee_03_2025-scaled.jpg\" alt=\"\" width=\"600\" height=\"900\" srcset=\"https:\/\/www.brigittedunkel.de\/wpbrig\/wp-content\/uploads\/2025\/04\/ND_SG1_Oskar-Lee_03_2025-scaled.jpg 1707w, https:\/\/www.brigittedunkel.de\/wpbrig\/wp-content\/uploads\/2025\/04\/ND_SG1_Oskar-Lee_03_2025-200x300.jpg 200w, https:\/\/www.brigittedunkel.de\/wpbrig\/wp-content\/uploads\/2025\/04\/ND_SG1_Oskar-Lee_03_2025-683x1024.jpg 683w, https:\/\/www.brigittedunkel.de\/wpbrig\/wp-content\/uploads\/2025\/04\/ND_SG1_Oskar-Lee_03_2025-768x1152.jpg 768w, https:\/\/www.brigittedunkel.de\/wpbrig\/wp-content\/uploads\/2025\/04\/ND_SG1_Oskar-Lee_03_2025-1024x1536.jpg 1024w, https:\/\/www.brigittedunkel.de\/wpbrig\/wp-content\/uploads\/2025\/04\/ND_SG1_Oskar-Lee_03_2025-1365x2048.jpg 1365w\" sizes=\"(max-width: 600px) 100vw, 600px\" \/><p id=\"caption-attachment-23935\" class=\"wp-caption-text\"><span style=\"font-size: 8pt; font-family: helvetica, arial, sans-serif;\">not dying installation view 1\u00a0 I \u00a9 Center for Literature (CfL), R\u00fcschhaus, Photo: Oskar Lee<\/span><\/p><\/div>\n<p>&nbsp;<\/p>\n<div id=\"attachment_23925\" style=\"width: 910px\" class=\"wp-caption aligncenter\"><img aria-describedby=\"caption-attachment-23925\" decoding=\"async\" loading=\"lazy\" class=\"wp-image-23925\" src=\"https:\/\/www.brigittedunkel.de\/wpbrig\/wp-content\/uploads\/2025\/04\/ND_SG2_Oskar-Lee_03_2025-scaled.jpg\" alt=\"\" width=\"900\" height=\"600\" srcset=\"https:\/\/www.brigittedunkel.de\/wpbrig\/wp-content\/uploads\/2025\/04\/ND_SG2_Oskar-Lee_03_2025-scaled.jpg 2560w, https:\/\/www.brigittedunkel.de\/wpbrig\/wp-content\/uploads\/2025\/04\/ND_SG2_Oskar-Lee_03_2025-300x200.jpg 300w, https:\/\/www.brigittedunkel.de\/wpbrig\/wp-content\/uploads\/2025\/04\/ND_SG2_Oskar-Lee_03_2025-1024x683.jpg 1024w, https:\/\/www.brigittedunkel.de\/wpbrig\/wp-content\/uploads\/2025\/04\/ND_SG2_Oskar-Lee_03_2025-768x512.jpg 768w, https:\/\/www.brigittedunkel.de\/wpbrig\/wp-content\/uploads\/2025\/04\/ND_SG2_Oskar-Lee_03_2025-1536x1024.jpg 1536w, https:\/\/www.brigittedunkel.de\/wpbrig\/wp-content\/uploads\/2025\/04\/ND_SG2_Oskar-Lee_03_2025-2048x1365.jpg 2048w\" sizes=\"(max-width: 900px) 100vw, 900px\" \/><p id=\"caption-attachment-23925\" class=\"wp-caption-text\"><span style=\"font-size: 8pt; font-family: helvetica, arial, sans-serif;\">not dying installation view 2\u00a0 I \u00a9 Center for Literature (CfL), R\u00fcschhaus, Photo: Oskar Lee<\/span><\/p><\/div>\n<p>&nbsp;<\/p>\n<div id=\"attachment_23928\" style=\"width: 910px\" class=\"wp-caption aligncenter\"><img aria-describedby=\"caption-attachment-23928\" decoding=\"async\" loading=\"lazy\" class=\"wp-image-23928\" src=\"https:\/\/www.brigittedunkel.de\/wpbrig\/wp-content\/uploads\/2025\/04\/ND_SG3_Oskar-Lee_03_2025-scaled.jpg\" alt=\"\" width=\"900\" height=\"600\" srcset=\"https:\/\/www.brigittedunkel.de\/wpbrig\/wp-content\/uploads\/2025\/04\/ND_SG3_Oskar-Lee_03_2025-scaled.jpg 2560w, https:\/\/www.brigittedunkel.de\/wpbrig\/wp-content\/uploads\/2025\/04\/ND_SG3_Oskar-Lee_03_2025-300x200.jpg 300w, https:\/\/www.brigittedunkel.de\/wpbrig\/wp-content\/uploads\/2025\/04\/ND_SG3_Oskar-Lee_03_2025-1024x683.jpg 1024w, https:\/\/www.brigittedunkel.de\/wpbrig\/wp-content\/uploads\/2025\/04\/ND_SG3_Oskar-Lee_03_2025-768x512.jpg 768w, https:\/\/www.brigittedunkel.de\/wpbrig\/wp-content\/uploads\/2025\/04\/ND_SG3_Oskar-Lee_03_2025-1536x1024.jpg 1536w, https:\/\/www.brigittedunkel.de\/wpbrig\/wp-content\/uploads\/2025\/04\/ND_SG3_Oskar-Lee_03_2025-2048x1365.jpg 2048w\" sizes=\"(max-width: 900px) 100vw, 900px\" \/><p id=\"caption-attachment-23928\" class=\"wp-caption-text\"><span style=\"font-size: 8pt; font-family: helvetica, arial, sans-serif;\">not dying installation view 3\u00a0 I\u00a0 \u00a9 Center for Literature (CfL), R\u00fcschhaus, Photo: Oskar Lee<\/span><\/p><\/div>\n<p>&nbsp;<\/p>\n<p><span style=\"font-family: helvetica, arial, sans-serif; font-size: 18pt;\"><strong>WORK<\/strong><\/span><\/p>\n<p style=\"text-align: left;\"><span style=\"font-family: helvetica, arial, sans-serif;\"><strong>THE SHAKER GIRL, 2020-23<\/strong><\/span><\/p>\n<p style=\"text-align: left;\"><span style=\"font-family: helvetica, arial, sans-serif;\"><span style=\"font-size: 8pt;\">Multi-part textile object, handmade, wearable, mannequin, <\/span><span style=\"font-size: 8pt;\">installation and dimensions variable.<\/span><\/span><\/p>\n<p style=\"text-align: left;\"><strong><span style=\"font-size: 10pt; font-family: helvetica, arial, sans-serif;\"><span style=\"font-size: 12pt;\">Simone Scharbert\u00a0 \u00a0I\u00a0 \u00a0Ein Tag wird kommen \/ A day will come\u00a0<\/span> \u00a0 <\/span><\/strong><span style=\"font-size: 10pt; font-family: helvetica, arial, sans-serif;\"><span style=\"font-size: 8pt;\">Audio &amp;Text in GER \/ ENG<\/span><\/span><\/p>\n<p>&nbsp;<\/p>\n<div style=\"width: 1080px;\" class=\"wp-video\"><!--[if lt IE 9]><script>document.createElement('video');<\/script><![endif]-->\n<video class=\"wp-video-shortcode\" id=\"video-23839-1\" width=\"1080\" height=\"1350\" preload=\"metadata\" controls=\"controls\"><source type=\"video\/mp4\" src=\"https:\/\/www.brigittedunkel.de\/wpbrig\/wp-content\/uploads\/2025\/05\/1_Dunkel_Scharbert_DE.mp4?_=1\" \/><a href=\"https:\/\/www.brigittedunkel.de\/wpbrig\/wp-content\/uploads\/2025\/05\/1_Dunkel_Scharbert_DE.mp4\">https:\/\/www.brigittedunkel.de\/wpbrig\/wp-content\/uploads\/2025\/05\/1_Dunkel_Scharbert_DE.mp4<\/a><\/video><\/div>\n<p><strong><span style=\"font-size: 8pt; font-family: helvetica, arial, sans-serif;\">Ein Tag wird kommen<\/span><\/strong><\/p>\n<p><span style=\"font-size: 8pt; font-family: helvetica, arial, sans-serif;\"><em>Ein Tag wird kommen<\/em>, eine Stimme, tief, aus dem Innern eines K\u00f6rpers oder eines Grabes, deines K\u00f6rpers oder deines Grabes, d\u00fcnn wird sie sein, hinauf- oder hinaussteigen wird sie, die Zeit wird keine Rolle spielen, ein Stimmschweben vielleicht (an <em>Seesterne<\/em> denke ich, wie sie schwimmen, wie sie schweben), formen wird sie sich, in meinem oder deinem Hirn, ein Damals-Gestirn, und weiter zu Dahlien sich verwachsen, schwarz und d\u00fcnn, nahezu unsichtbar (so sicher ist das schlie\u00dflich alles nicht, oder?) und: <em>soll es nicht hei\u00dfen, die Andere in dir?<\/em>,<\/span><\/p>\n<p><span style=\"font-size: 8pt; font-family: helvetica, arial, sans-serif;\">und ja, das ist eine Frage, wenn auch vage, du aber streckst deinen Fu\u00df leicht nach vorn, hebst ihn an, in einen Ton, ins Nichts, in Vergangenheit auch, <em>eine Frau ist zu erschaffen<\/em>, steht da irgendwo geschrieben, von Mord aber ist zu lesen, damals, die 40er, <em>schon beim ersten Gurgeln von Worten und S\u00e4tzen<\/em>, weiter den Tag besetzen, auch sp\u00e4ter, auch jetzt, keine \u00c4nderung in Sicht, stattdessen: Buchstaben reihen, das Alphabet beleihen, dein Mund aber geschlossen, verschlossen, da ist nichts zu machen,<\/span><\/p>\n<p><span style=\"font-size: 8pt; font-family: helvetica, arial, sans-serif;\"><em>ein Tag wird kommen<\/em>, jetzt aber immer jemand, der etwas \u00fcber dich legt, um dich zieht, als k\u00f6nnte man dich schn\u00fcren wie ein Paket, ein Band, eine Schleife, <em>borrowed light<\/em>, ganz <em>tight<\/em>, wie es eindringt aus der Fassung einer Geschichte, deiner Geschichte, du, <em>Shaker Girl<\/em>, gezogen, erzogen, \u00fcberzogen, von <em>drag <\/em>zu trag!, ein Tragen, Betragen, Vertragen, wie viel?, und ja, auch das ist eine Frage, <em>Shaker Girl<\/em> oder Elizabeth Short, ganz kurz nur, <em>short<\/em>, so sicher ist das alles nicht, <em>soll es nicht hei\u00dfen, die Andere in dir?<\/em>, und weiter, immer weiter, ein Fu\u00df nach dem andern, <em>im geheimen wird wieder entworfen, was eine Frau ist<\/em>, und sieh, ja du! im Anschein einer Tracht, Jahrhunderte verbracht,<\/span><\/p>\n<p><span style=\"font-size: 8pt; font-family: helvetica, arial, sans-serif;\"><em>ein Tag wird kommen<\/em>, ein Anziehen und Ausziehen, aus dir, aus dem K\u00f6rper, H\u00e4nde, die sich dir n\u00e4hern, sich auf dich legen, sich entfernen, ein Hin und Her, <em>Shaker Girl<\/em>, ein Zofen-Effekt, auch davon ist die Rede, und deine Schuhe, wie sie da stehen, kurz vorm Ausschreiten, Hinausschreiten, vorm Aufbrechen, und ja, das ist keine Frage,<\/span><\/p>\n<p><span style=\"font-size: 8pt; font-family: helvetica, arial, sans-serif;\"><em>dieser Tag wird kommen<\/em>.<\/span><\/p>\n<!--[if lt IE 9]><script>document.createElement('audio');<\/script><![endif]-->\n<audio class=\"wp-audio-shortcode\" id=\"audio-23839-1\" preload=\"none\" style=\"width: 100%;\" controls=\"controls\"><source type=\"audio\/wav\" src=\"https:\/\/www.brigittedunkel.de\/wpbrig\/wp-content\/uploads\/2025\/04\/SIMONE-SCHARBERT_Text_GER_THE-SHAKER-GIRL.wav?_=1\" \/><a href=\"https:\/\/www.brigittedunkel.de\/wpbrig\/wp-content\/uploads\/2025\/04\/SIMONE-SCHARBERT_Text_GER_THE-SHAKER-GIRL.wav\">https:\/\/www.brigittedunkel.de\/wpbrig\/wp-content\/uploads\/2025\/04\/SIMONE-SCHARBERT_Text_GER_THE-SHAKER-GIRL.wav<\/a><\/audio>\n<audio class=\"wp-audio-shortcode\" id=\"audio-23839-2\" preload=\"none\" style=\"width: 100%;\" controls=\"controls\"><source type=\"audio\/wav\" src=\"https:\/\/www.brigittedunkel.de\/wpbrig\/wp-content\/uploads\/2025\/04\/SIMONE-SCHARBERT_Text_ENG_THE-SHAKER-GIRL.wav?_=2\" \/><a href=\"https:\/\/www.brigittedunkel.de\/wpbrig\/wp-content\/uploads\/2025\/04\/SIMONE-SCHARBERT_Text_ENG_THE-SHAKER-GIRL.wav\">https:\/\/www.brigittedunkel.de\/wpbrig\/wp-content\/uploads\/2025\/04\/SIMONE-SCHARBERT_Text_ENG_THE-SHAKER-GIRL.wav<\/a><\/audio>\n<p><strong><span style=\"font-size: 8pt; font-family: helvetica, arial, sans-serif;\">A day will come<\/span><\/strong><\/p>\n<p><span style=\"font-size: 8pt; font-family: helvetica, arial, sans-serif;\"><em>A day will come, <\/em>a voice, deep, from within a body or a grave, your body or your grave, it will be thin, it will climb up or out, time not a factor, a voice afloat perhaps (it\u2019s starfish I\u2019m thinking of, how they swim, how they float), it will form itself, in my brain or yours, a once-was brain, and on it will grow, into dahlias, thin and black, almost invisible, (it\u2019s all not so certain after all, is it?) and <em>should it not say, the other in you?<\/em><\/span><\/p>\n<p><span style=\"font-size: 8pt; font-family: helvetica, arial, sans-serif;\"><em>\u00a0<\/em>and yes, that\u2019s a question, if not vague, but you stretch your leg out slightly forwards, raise it slightly, into a sound, into nothingness, the past too, <em>a woman is to be made<\/em>, that\u2019s what it says there, written somewhere, but it\u2019s murder that can be read, back then, in the 40s, <em>even with the first gurgle of words and sentences<\/em>, keep filling the day, later too, and now as well, no change in sight, instead: line up the letters, loans on the alphabet, your mouth however closed, lets nobody know, there\u2019s nothing can be done here,<\/span><\/p>\n<p><span style=\"font-size: 8pt; font-family: helvetica, arial, sans-serif;\"><em>\u00a0<\/em><em>a day will come, <\/em>but now always someone, something laid over you, wrapped around you, as if you could be tied up like a package, a ribbon, a bow, <em>borrowed light<\/em>, right<em> tight<\/em>, burst in from the version of a story, your story, you, <em>Shaker Girl, <\/em>dragged, dragged up, dragged out, and from drag to traj! A trail, betrayal, entails, how much? and yeah, that too\u2019s a question, <em>Shaker Girl<\/em> or Elizabeth, not long, <em>short,<\/em> it\u2019s all not so certain after all, <em>should it not say, the other in you? <\/em>and on and on, one foot after another, <em>on the inside it\u2019s redefined, what a woman is<\/em>, and look here, yes you! looking like a costume, the centuries spent,<\/span><\/p>\n<p><span style=\"font-size: 8pt; font-family: helvetica, arial, sans-serif;\"><em>a day will come<\/em>, a dressing and an undressing, from you, from the body, hands, that approach you, lay upon you, remove themselves, a toing and froing, Shaker Girl, a toing and froing, a maid-effect, made them talk, and your shoes, standing there, about to step out, step out into, about to break out, and yeah, that\u2019s not a question,<\/span><\/p>\n<p><span style=\"font-size: 8pt; font-family: helvetica, arial, sans-serif;\"><em>this day will come.<\/em><\/span><\/p>\n<div style=\"width: 1080px;\" class=\"wp-video\"><video class=\"wp-video-shortcode\" id=\"video-23839-2\" width=\"1080\" height=\"1350\" preload=\"none\" controls=\"controls\"><source type=\"video\/mp4\" src=\"https:\/\/www.brigittedunkel.de\/wpbrig\/wp-content\/uploads\/2025\/05\/2_Dunkel_Scharbert_EN.mp4?_=2\" \/><a href=\"https:\/\/www.brigittedunkel.de\/wpbrig\/wp-content\/uploads\/2025\/05\/2_Dunkel_Scharbert_EN.mp4\">https:\/\/www.brigittedunkel.de\/wpbrig\/wp-content\/uploads\/2025\/05\/2_Dunkel_Scharbert_EN.mp4<\/a><\/video><\/div>\n<p style=\"text-align: right;\"><span style=\"font-size: 8pt; font-family: helvetica, arial, sans-serif;\"><em>\u00a0<\/em><\/span><\/p>\n<div class=\"mceTemp\"><\/div>\n<p>&nbsp;<\/p>\n<p style=\"text-align: right;\"><em><a href=\"https:\/\/www.brigittedunkel.de\/wpbrig\/not-dying-2025\/\"><strong><span style=\"font-size: 10pt; font-family: helvetica, arial, sans-serif;\">Back to top<\/span><\/strong><\/a><\/em><\/p>\n<p style=\"text-align: right;\"><span style=\"font-size: 10pt; font-family: helvetica, arial, sans-serif;\">\u00a9 Center for Literature (CfL), R\u00fcschhaus, Photo Credit: Oskar Lee<\/span><\/p>\n<p style=\"text-align: right;\"><span style=\"font-size: 10pt; font-family: helvetica, arial, sans-serif;\">\u00a9 BD \/ VG Bild-Kunst, Bonn \/ 2006-2026<\/span><\/p>\n<p style=\"text-align: right;\"><span style=\"font-size: 10pt; font-family: helvetica, arial, sans-serif;\">All Rights Reserved<\/span><\/p>\n","protected":false},"excerpt":{"rendered":"<p>&nbsp; not dying\u00a0 An exhibition based on Ingeborg Bachmanns \u00bbTODESARTEN-Projekt\u00ab In her unfinished \u00bbTODESARTEN-Projekt\u00ab, Ingeborg Bachmann definitively describes the ways in which fascism, colonialism and misogyny have penetrated social DNA as thought structures. The exhibition at Haus R\u00fcschhaus boldly confronts these forms of violence by showcasing positions from the visual arts and literature that take [&hellip;]<\/p>\n","protected":false},"author":1,"featured_media":0,"parent":0,"menu_order":0,"comment_status":"closed","ping_status":"closed","template":"","meta":[],"_links":{"self":[{"href":"https:\/\/www.brigittedunkel.de\/wpbrig\/wp-json\/wp\/v2\/pages\/23839"}],"collection":[{"href":"https:\/\/www.brigittedunkel.de\/wpbrig\/wp-json\/wp\/v2\/pages"}],"about":[{"href":"https:\/\/www.brigittedunkel.de\/wpbrig\/wp-json\/wp\/v2\/types\/page"}],"author":[{"embeddable":true,"href":"https:\/\/www.brigittedunkel.de\/wpbrig\/wp-json\/wp\/v2\/users\/1"}],"replies":[{"embeddable":true,"href":"https:\/\/www.brigittedunkel.de\/wpbrig\/wp-json\/wp\/v2\/comments?post=23839"}],"version-history":[{"count":103,"href":"https:\/\/www.brigittedunkel.de\/wpbrig\/wp-json\/wp\/v2\/pages\/23839\/revisions"}],"predecessor-version":[{"id":24546,"href":"https:\/\/www.brigittedunkel.de\/wpbrig\/wp-json\/wp\/v2\/pages\/23839\/revisions\/24546"}],"wp:attachment":[{"href":"https:\/\/www.brigittedunkel.de\/wpbrig\/wp-json\/wp\/v2\/media?parent=23839"}],"curies":[{"name":"wp","href":"https:\/\/api.w.org\/{rel}","templated":true}]}}