{"id":5249,"date":"2016-03-23T13:49:31","date_gmt":"2016-03-23T11:49:31","guid":{"rendered":"http:\/\/www.brigittedunkel.de\/wpbrig\/?page_id=5249"},"modified":"2025-12-31T00:17:03","modified_gmt":"2025-12-30T22:17:03","slug":"socialmedia","status":"publish","type":"page","link":"https:\/\/www.brigittedunkel.de\/wpbrig\/socialmedia\/","title":{"rendered":"SOCIAL MEDIA &#038; WEB"},"content":{"rendered":"<p>&nbsp;<\/p>\n<p><span style=\"font-size: 14pt;\"><strong><span style=\"font-family: helvetica,arial,sans-serif;\"><a id=\"top\"><\/a>BRIGITTE DUNKEL STUDIO Links<\/span><\/strong><\/span><\/p>\n<p>&nbsp;<\/p>\n<p style=\"text-align: left;\"><strong>\u00a0\u00a0 <a href=\"https:\/\/www.brigittedunkel.de\/wpbrig\/wp-content\/uploads\/2016\/03\/in.jpeg\" data-rel=\"lightbox-gallery-dyzL8H0g\" data-rl_title=\"\" data-rl_caption=\"\" title=\"\"><img decoding=\"async\" loading=\"lazy\" class=\"alignnone wp-image-6996\" src=\"https:\/\/www.brigittedunkel.de\/wpbrig\/wp-content\/uploads\/2016\/03\/in-150x119.jpeg\" alt=\"www.instagram.com\/brigitte_dunkel\/\" width=\"71\" height=\"40\" \/><\/a><\/strong><\/p>\n<p style=\"text-align: left;\"><strong><span style=\"font-size: 10pt; font-family: helvetica, arial, sans-serif;\"><em><a href=\"https:\/\/www.instagram.com\/brigitte_dunkel\/\" target=\"_blank\" rel=\"noopener noreferrer\">instagram.com brigitte_dunkel<\/a><\/em> \u00a0\u00a0<\/span><\/strong><\/p>\n<p style=\"text-align: left;\"><span style=\"font-family: helvetica,arial,sans-serif; font-size: 10pt;\"><strong><a href=\"https:\/\/www.brigittedunkel.de\/wpbrig\/wp-content\/uploads\/2016\/03\/fb.jpeg\" data-rel=\"lightbox-gallery-dyzL8H0g\" data-rl_title=\"\" data-rl_caption=\"\" title=\"\">\u00a0 \u00a0 \u00a0 \u00a0<img decoding=\"async\" loading=\"lazy\" class=\"alignnone wp-image-6992\" src=\"https:\/\/www.brigittedunkel.de\/wpbrig\/wp-content\/uploads\/2016\/03\/fb.jpeg\" alt=\"\" width=\"40\" height=\"40\" \/><\/a>\u00a0 <\/strong><\/span><\/p>\n<p style=\"text-align: left;\"><span style=\"font-family: helvetica,arial,sans-serif; font-size: 10pt;\"><strong><em><a href=\"https:\/\/www.facebook.com\/artistbrigittedunkel\" target=\"_blank\" rel=\"noopener noreferrer\">facebook.com Brigitte Dunkel Studio<\/a><\/em>\u00a0 <\/strong><\/span><\/p>\n<p><strong> <a href=\"https:\/\/www.brigittedunkel.de\/wpbrig\/wp-content\/uploads\/2016\/03\/th.jpeg\" data-rel=\"lightbox-gallery-dyzL8H0g\" data-rl_title=\"\" data-rl_caption=\"\" title=\"\">\u00a0 \u00a0 \u00a0<img decoding=\"async\" loading=\"lazy\" class=\"alignnone wp-image-6994\" src=\"https:\/\/www.brigittedunkel.de\/wpbrig\/wp-content\/uploads\/2016\/03\/th.jpeg\" alt=\"vimeo.com\/brigittedunkel\" width=\"71\" height=\"20\" \/><\/a><\/strong><\/p>\n<p><strong><span style=\"font-size: 10pt; font-family: helvetica, arial, sans-serif;\"><em><a href=\"https:\/\/vimeo.com\/brigittedunkel\" target=\"_blank\" rel=\"noopener noreferrer\">vimeo.com Brigitte Dunkel<\/a><\/em><\/span><\/strong><\/p>\n<p><a href=\"https:\/\/www.brigittedunkel.de\/wpbrig\/wp-content\/uploads\/2016\/03\/li.jpeg\" data-rel=\"lightbox-gallery-dyzL8H0g\" data-rl_title=\"\" data-rl_caption=\"\" title=\"\">\u00a0 \u00a0 \u00a0 <img decoding=\"async\" loading=\"lazy\" class=\"alignnone wp-image-6995\" src=\"https:\/\/www.brigittedunkel.de\/wpbrig\/wp-content\/uploads\/2016\/03\/li.jpeg\" alt=\"de.linkedin.com\/in\/brigittedunkel\" width=\"40\" height=\"40\" \/><\/a><\/p>\n<p><span style=\"font-size: 10pt; font-family: helvetica, arial, sans-serif;\"><em><a href=\"https:\/\/www.linkedin.com\/in\/brigittedunkelstudio\/\" target=\"_blank\" rel=\"noopener\"><strong>linkedin.com Brigitte Dunkel Studio<\/strong><\/a><\/em><\/span><\/p>\n<p>&nbsp;<\/p>\n<p>&nbsp;<\/p>\n<p><a href=\"https:\/\/www.kuenstlerbund.de\/deutsch\/mitglieder\/ordentliche-mitglieder\/dunkel-brigitte.html?anc=2780\" target=\"_blank\" rel=\"noopener\"><em><strong><span style=\"font-size: 10pt; font-family: helvetica, arial, sans-serif;\">Deutscher K\u00fcnstlerbund Brigitte Dunkel<\/span><\/strong><\/em><\/a><\/p>\n<p>&nbsp;<\/p>\n<p><span style=\"font-family: helvetica,arial,sans-serif; font-size: 10pt;\"><em><strong><a href=\"https:\/\/www.kuenstlerverzeichnis-koeln.de\/kuenstler\/brigitte-dunkel\" target=\"_blank\" rel=\"noopener\">K\u00fcnstler*innenverzeichnis K\u00f6ln Brigitte Dunkel<\/a><\/strong><\/em><\/span><\/p>\n<p>&nbsp;<\/p>\n<p>&nbsp;<\/p>\n<p style=\"text-align: right;\"><a href=\"https:\/\/www.brigittedunkel.de\/wpbrig\/socialmedia\/\"><strong><span style=\"font-size: 10pt; font-family: helvetica, arial, sans-serif;\">Back to top<\/span><\/strong><\/a><\/p>\n<p style=\"text-align: right;\"><span style=\"font-family: helvetica,arial,sans-serif; font-size: 10pt;\">\u00a9 BD \/ VG Bild-Kunst, Bonn \/ 2006-2026<\/span><\/p>\n<p style=\"text-align: right;\"><span style=\"font-family: helvetica,arial,sans-serif; font-size: 10pt;\">All Rights Reserved<\/span><\/p>\n<p style=\"text-align: right;\">\n","protected":false},"excerpt":{"rendered":"<p>&nbsp; BRIGITTE DUNKEL STUDIO Links &nbsp; \u00a0\u00a0 instagram.com brigitte_dunkel \u00a0\u00a0 \u00a0 \u00a0 \u00a0 \u00a0\u00a0 facebook.com Brigitte Dunkel Studio\u00a0 \u00a0 \u00a0 \u00a0 vimeo.com Brigitte Dunkel \u00a0 \u00a0 \u00a0 linkedin.com Brigitte Dunkel Studio &nbsp; &nbsp; Deutscher K\u00fcnstlerbund Brigitte Dunkel &nbsp; K\u00fcnstler*innenverzeichnis K\u00f6ln Brigitte Dunkel &nbsp; &nbsp; Back to top \u00a9 BD \/ VG Bild-Kunst, Bonn \/ 2006-2026 [&hellip;]<\/p>\n","protected":false},"author":1,"featured_media":0,"parent":0,"menu_order":0,"comment_status":"closed","ping_status":"closed","template":"","meta":[],"_links":{"self":[{"href":"https:\/\/www.brigittedunkel.de\/wpbrig\/wp-json\/wp\/v2\/pages\/5249"}],"collection":[{"href":"https:\/\/www.brigittedunkel.de\/wpbrig\/wp-json\/wp\/v2\/pages"}],"about":[{"href":"https:\/\/www.brigittedunkel.de\/wpbrig\/wp-json\/wp\/v2\/types\/page"}],"author":[{"embeddable":true,"href":"https:\/\/www.brigittedunkel.de\/wpbrig\/wp-json\/wp\/v2\/users\/1"}],"replies":[{"embeddable":true,"href":"https:\/\/www.brigittedunkel.de\/wpbrig\/wp-json\/wp\/v2\/comments?post=5249"}],"version-history":[{"count":105,"href":"https:\/\/www.brigittedunkel.de\/wpbrig\/wp-json\/wp\/v2\/pages\/5249\/revisions"}],"predecessor-version":[{"id":24369,"href":"https:\/\/www.brigittedunkel.de\/wpbrig\/wp-json\/wp\/v2\/pages\/5249\/revisions\/24369"}],"wp:attachment":[{"href":"https:\/\/www.brigittedunkel.de\/wpbrig\/wp-json\/wp\/v2\/media?parent=5249"}],"curies":[{"name":"wp","href":"https:\/\/api.w.org\/{rel}","templated":true}]}}