{"id":748,"date":"2014-04-29T00:54:22","date_gmt":"2014-04-28T22:54:22","guid":{"rendered":"http:\/\/www.brigittedunkel.de\/wpbrig\/?page_id=748"},"modified":"2025-12-31T01:25:21","modified_gmt":"2025-12-30T23:25:21","slug":"virginitas_1998","status":"publish","type":"page","link":"https:\/\/www.brigittedunkel.de\/wpbrig\/virginitas_1998\/","title":{"rendered":"VIRGINITAS \/ 1998"},"content":{"rendered":"<p><span style=\"font-family: helvetica,arial,sans-serif; font-size: 8pt;\"><a id=\"top\"><\/a>\u00a0<a href=\"https:\/\/www.brigittedunkel.de\/wpbrig\/archives\/\">&lt; Archive overview <\/a><\/span><span style=\"font-family: helvetica,arial,sans-serif; font-size: 8pt;\"><a title=\"LADY MADONNA since 1990\" href=\"https:\/\/www.brigittedunkel.de\/wpbrig\/lady_madonna_since_1990\/\">&lt; Project LADY MADONNA<\/a><\/span><\/p>\n<p><span style=\"font-family: helvetica,arial,sans-serif; font-size: 10pt;\"><strong><span style=\"font-size: 14pt;\">VIRGINITAS (Cher Madonna)<\/span><br \/>\n<\/strong><\/span><\/p>\n<p><span style=\"font-family: helvetica,arial,sans-serif; font-size: 8pt;\">Site-specific painting and light installation\u00a0 \u00a0I\u00a0 \u00a0Part of the project\u00a0<strong>LADY MADONNA\u00a0<\/strong>(1990-1998)<\/span><\/p>\n<p><span style=\"font-family: helvetica,arial,sans-serif; font-size: 10pt;\"><strong>Solo exhibition <\/strong><\/span><\/p>\n<p><span style=\"font-family: helvetica,arial,sans-serif; font-size: 10pt;\"><strong>at<\/strong>\u00a0<strong>CHAPEL JOHN XXIII (Crypt)<span style=\"font-size: 10pt;\"><span style=\"font-family: helvetica,arial,sans-serif;\"> &#8211; Kirche der Katholischen Hochschulgemeinde (Krypta)\u00a0 |\u00a0 Berrenrather Strasse 127 |\u00a0 50937 Cologne<\/span><\/span><\/strong><\/span><\/p>\n<p><em><span style=\"font-family: helvetica,arial,sans-serif;\"><span style=\"font-size: 10pt;\">Opening: December 2, 1998\u00a0 &#8211;\u00a0 On view: December 3, 1998 &#8211;\u00a0 January 10, 1999<\/span><\/span><\/em><span style=\"font-size: 10pt;\"><br \/>\n<\/span><\/p>\n<p>&nbsp;<\/p>\n<p style=\"text-align: center;\"><img decoding=\"async\" loading=\"lazy\" class=\"alignnone wp-image-1051\" src=\"https:\/\/www.brigittedunkel.de\/wpbrig\/wp-content\/uploads\/2014\/04\/INV_2.jpg\" alt=\"VIRGINITAS invite, Cologne 1998\" width=\"400\" height=\"399\" srcset=\"https:\/\/www.brigittedunkel.de\/wpbrig\/wp-content\/uploads\/2014\/04\/INV_2.jpg 1407w, https:\/\/www.brigittedunkel.de\/wpbrig\/wp-content\/uploads\/2014\/04\/INV_2-150x150.jpg 150w, https:\/\/www.brigittedunkel.de\/wpbrig\/wp-content\/uploads\/2014\/04\/INV_2-300x300.jpg 300w, https:\/\/www.brigittedunkel.de\/wpbrig\/wp-content\/uploads\/2014\/04\/INV_2-1024x1021.jpg 1024w\" sizes=\"(max-width: 400px) 100vw, 400px\" \/><img decoding=\"async\" loading=\"lazy\" class=\"alignnone wp-image-1053\" src=\"https:\/\/www.brigittedunkel.de\/wpbrig\/wp-content\/uploads\/2014\/04\/INV_3.jpg\" alt=\"VIRGINITAS invite &amp; title, Cologne 1998\" width=\"63\" height=\"399\" \/><\/p>\n<p>&nbsp;<\/p>\n<p><span style=\"font-family: helvetica, arial, sans-serif; font-size: 12pt;\"><strong>INSTALLATION VIEWS <span style=\"font-size: 8pt;\">SELECTION<\/span><\/strong><\/span><\/p>\n<p style=\"text-align: center;\"><img decoding=\"async\" loading=\"lazy\" class=\"alignnone wp-image-23279\" src=\"https:\/\/www.brigittedunkel.de\/wpbrig\/wp-content\/uploads\/2024\/09\/VIR_1_RL_1998_KOba.jpg\" alt=\"\" width=\"850\" height=\"589\" srcset=\"https:\/\/www.brigittedunkel.de\/wpbrig\/wp-content\/uploads\/2024\/09\/VIR_1_RL_1998_KOba.jpg 2046w, https:\/\/www.brigittedunkel.de\/wpbrig\/wp-content\/uploads\/2024\/09\/VIR_1_RL_1998_KOba-300x208.jpg 300w, https:\/\/www.brigittedunkel.de\/wpbrig\/wp-content\/uploads\/2024\/09\/VIR_1_RL_1998_KOba-1024x709.jpg 1024w, https:\/\/www.brigittedunkel.de\/wpbrig\/wp-content\/uploads\/2024\/09\/VIR_1_RL_1998_KOba-768x532.jpg 768w, https:\/\/www.brigittedunkel.de\/wpbrig\/wp-content\/uploads\/2024\/09\/VIR_1_RL_1998_KOba-1536x1064.jpg 1536w\" sizes=\"(max-width: 850px) 100vw, 850px\" \/><\/p>\n<p style=\"text-align: center;\"><img decoding=\"async\" loading=\"lazy\" class=\"alignnone wp-image-23280\" src=\"https:\/\/www.brigittedunkel.de\/wpbrig\/wp-content\/uploads\/2024\/09\/VIR_2_RLOL_1998_KOba.jpg\" alt=\"\" width=\"850\" height=\"573\" srcset=\"https:\/\/www.brigittedunkel.de\/wpbrig\/wp-content\/uploads\/2024\/09\/VIR_2_RLOL_1998_KOba.jpg 2102w, https:\/\/www.brigittedunkel.de\/wpbrig\/wp-content\/uploads\/2024\/09\/VIR_2_RLOL_1998_KOba-300x202.jpg 300w, https:\/\/www.brigittedunkel.de\/wpbrig\/wp-content\/uploads\/2024\/09\/VIR_2_RLOL_1998_KOba-1024x690.jpg 1024w, https:\/\/www.brigittedunkel.de\/wpbrig\/wp-content\/uploads\/2024\/09\/VIR_2_RLOL_1998_KOba-768x518.jpg 768w, https:\/\/www.brigittedunkel.de\/wpbrig\/wp-content\/uploads\/2024\/09\/VIR_2_RLOL_1998_KOba-1536x1035.jpg 1536w, https:\/\/www.brigittedunkel.de\/wpbrig\/wp-content\/uploads\/2024\/09\/VIR_2_RLOL_1998_KOba-2048x1381.jpg 2048w, https:\/\/www.brigittedunkel.de\/wpbrig\/wp-content\/uploads\/2024\/09\/VIR_2_RLOL_1998_KOba-470x317.jpg 470w\" sizes=\"(max-width: 850px) 100vw, 850px\" \/><\/p>\n<p style=\"text-align: center;\"><img decoding=\"async\" loading=\"lazy\" class=\"alignnone wp-image-23281\" src=\"https:\/\/www.brigittedunkel.de\/wpbrig\/wp-content\/uploads\/2024\/09\/VIR_3_OL_1998_KOba.jpg\" alt=\"\" width=\"850\" height=\"588\" srcset=\"https:\/\/www.brigittedunkel.de\/wpbrig\/wp-content\/uploads\/2024\/09\/VIR_3_OL_1998_KOba.jpg 2050w, https:\/\/www.brigittedunkel.de\/wpbrig\/wp-content\/uploads\/2024\/09\/VIR_3_OL_1998_KOba-300x207.jpg 300w, https:\/\/www.brigittedunkel.de\/wpbrig\/wp-content\/uploads\/2024\/09\/VIR_3_OL_1998_KOba-1024x708.jpg 1024w, https:\/\/www.brigittedunkel.de\/wpbrig\/wp-content\/uploads\/2024\/09\/VIR_3_OL_1998_KOba-768x531.jpg 768w, https:\/\/www.brigittedunkel.de\/wpbrig\/wp-content\/uploads\/2024\/09\/VIR_3_OL_1998_KOba-1536x1062.jpg 1536w, https:\/\/www.brigittedunkel.de\/wpbrig\/wp-content\/uploads\/2024\/09\/VIR_3_OL_1998_KOba-2048x1416.jpg 2048w\" sizes=\"(max-width: 850px) 100vw, 850px\" \/><\/p>\n<p style=\"text-align: center;\"><img decoding=\"async\" loading=\"lazy\" class=\"alignnone wp-image-23298\" src=\"https:\/\/www.brigittedunkel.de\/wpbrig\/wp-content\/uploads\/2024\/09\/VIR_4_SAa_1998_KOba.bmp\" alt=\"\" width=\"850\" height=\"573\" srcset=\"https:\/\/www.brigittedunkel.de\/wpbrig\/wp-content\/uploads\/2024\/09\/VIR_4_SAa_1998_KOba.bmp 2102w, https:\/\/www.brigittedunkel.de\/wpbrig\/wp-content\/uploads\/2024\/09\/VIR_4_SAa_1998_KOba-300x202.jpg 300w, https:\/\/www.brigittedunkel.de\/wpbrig\/wp-content\/uploads\/2024\/09\/VIR_4_SAa_1998_KOba-1024x690.jpg 1024w, https:\/\/www.brigittedunkel.de\/wpbrig\/wp-content\/uploads\/2024\/09\/VIR_4_SAa_1998_KOba-768x518.jpg 768w, https:\/\/www.brigittedunkel.de\/wpbrig\/wp-content\/uploads\/2024\/09\/VIR_4_SAa_1998_KOba-1536x1035.jpg 1536w, https:\/\/www.brigittedunkel.de\/wpbrig\/wp-content\/uploads\/2024\/09\/VIR_4_SAa_1998_KOba-2048x1381.jpg 2048w, https:\/\/www.brigittedunkel.de\/wpbrig\/wp-content\/uploads\/2024\/09\/VIR_4_SAa_1998_KOba-470x317.jpg 470w\" sizes=\"(max-width: 850px) 100vw, 850px\" \/><\/p>\n<p>&nbsp;<\/p>\n<p><span style=\"font-size: 10pt;\"><strong><em><a href=\"https:\/\/www.brigittedunkel.de\/wpbrig\/virginitas_1998\/\"><span style=\"font-family: helvetica, arial, sans-serif;\">Back to top<\/span><\/a><\/em><\/strong><\/span><\/p>\n<p>&nbsp;<\/p>\n<p><span style=\"font-family: helvetica, arial, sans-serif; font-size: 12pt;\"><strong><span style=\"font-family: helvetica,arial,sans-serif; font-size: 10pt;\"><span style=\"font-size: 12pt;\">VIRGINITAS (Cher Madonna) <strong style=\"font-family: helvetica, arial, sans-serif;\">\u00a0<span style=\"font-size: 8pt;\">CONCEPT FOR PAINTING AND LIGHT<\/span><\/strong><\/span><\/span><\/strong><\/span><\/p>\n<p style=\"text-align: center;\"><a href=\"https:\/\/www.brigittedunkel.de\/wpbrig\/wp-content\/uploads\/2014\/04\/BD_VIRGINITAS_-1998_Installationdoku05-Kopie.jpg\" data-rel=\"lightbox-gallery-a0Uw6AWg\" data-rl_title=\"\" data-rl_caption=\"\" title=\"\"><img decoding=\"async\" loading=\"lazy\" class=\"alignnone wp-image-1040\" src=\"https:\/\/www.brigittedunkel.de\/wpbrig\/wp-content\/uploads\/2014\/04\/BD_VIRGINITAS_-1998_Installationdoku05-Kopie.jpg\" alt=\"VIRGINITAS,1998 *** painting and light concept\" width=\"425\" height=\"300\" srcset=\"https:\/\/www.brigittedunkel.de\/wpbrig\/wp-content\/uploads\/2014\/04\/BD_VIRGINITAS_-1998_Installationdoku05-Kopie.jpg 842w, https:\/\/www.brigittedunkel.de\/wpbrig\/wp-content\/uploads\/2014\/04\/BD_VIRGINITAS_-1998_Installationdoku05-Kopie-300x211.jpg 300w\" sizes=\"(max-width: 425px) 100vw, 425px\" \/><\/a>\u00a0\u00a0 <a href=\"https:\/\/www.brigittedunkel.de\/wpbrig\/wp-content\/uploads\/2014\/04\/BD_VIRGINITAS_-1998_Installationdoku06-Kopie.jpg\" data-rel=\"lightbox-gallery-a0Uw6AWg\" data-rl_title=\"\" data-rl_caption=\"\" title=\"\"><img decoding=\"async\" loading=\"lazy\" class=\"alignnone wp-image-1041\" src=\"https:\/\/www.brigittedunkel.de\/wpbrig\/wp-content\/uploads\/2014\/04\/BD_VIRGINITAS_-1998_Installationdoku06-Kopie.jpg\" alt=\"VIRGINITAS,1998 *** painting and light concept\" width=\"425\" height=\"300\" srcset=\"https:\/\/www.brigittedunkel.de\/wpbrig\/wp-content\/uploads\/2014\/04\/BD_VIRGINITAS_-1998_Installationdoku06-Kopie.jpg 842w, https:\/\/www.brigittedunkel.de\/wpbrig\/wp-content\/uploads\/2014\/04\/BD_VIRGINITAS_-1998_Installationdoku06-Kopie-300x211.jpg 300w\" sizes=\"(max-width: 425px) 100vw, 425px\" \/><\/a><\/p>\n<p style=\"text-align: center;\"><a href=\"https:\/\/www.brigittedunkel.de\/wpbrig\/wp-content\/uploads\/2014\/04\/BD_VIRGINITAS_-1998_Installationdoku07-Kopie.jpg\" data-rel=\"lightbox-gallery-a0Uw6AWg\" data-rl_title=\"\" data-rl_caption=\"\" title=\"\"><img decoding=\"async\" loading=\"lazy\" class=\"alignnone wp-image-1042\" src=\"https:\/\/www.brigittedunkel.de\/wpbrig\/wp-content\/uploads\/2014\/04\/BD_VIRGINITAS_-1998_Installationdoku07-Kopie.jpg\" alt=\"VIRGINITAS,1998 *** painting and light concept\" width=\"425\" height=\"300\" srcset=\"https:\/\/www.brigittedunkel.de\/wpbrig\/wp-content\/uploads\/2014\/04\/BD_VIRGINITAS_-1998_Installationdoku07-Kopie.jpg 842w, https:\/\/www.brigittedunkel.de\/wpbrig\/wp-content\/uploads\/2014\/04\/BD_VIRGINITAS_-1998_Installationdoku07-Kopie-300x211.jpg 300w\" sizes=\"(max-width: 425px) 100vw, 425px\" \/><\/a>\u00a0\u00a0\u00a0 <a href=\"https:\/\/www.brigittedunkel.de\/wpbrig\/wp-content\/uploads\/2014\/04\/BD_VIRGINITAS_-1998_Installationdoku08-Kopie.jpg\" data-rel=\"lightbox-gallery-a0Uw6AWg\" data-rl_title=\"\" data-rl_caption=\"\" title=\"\"><img decoding=\"async\" loading=\"lazy\" class=\"alignnone wp-image-1043\" src=\"https:\/\/www.brigittedunkel.de\/wpbrig\/wp-content\/uploads\/2014\/04\/BD_VIRGINITAS_-1998_Installationdoku08-Kopie.jpg\" alt=\"VIRGINITAS,1998 *** painting and light concept\" width=\"425\" height=\"300\" srcset=\"https:\/\/www.brigittedunkel.de\/wpbrig\/wp-content\/uploads\/2014\/04\/BD_VIRGINITAS_-1998_Installationdoku08-Kopie.jpg 842w, https:\/\/www.brigittedunkel.de\/wpbrig\/wp-content\/uploads\/2014\/04\/BD_VIRGINITAS_-1998_Installationdoku08-Kopie-300x211.jpg 300w\" sizes=\"(max-width: 425px) 100vw, 425px\" \/><\/a><\/p>\n<p style=\"text-align: center;\"><a href=\"https:\/\/www.brigittedunkel.de\/wpbrig\/wp-content\/uploads\/2014\/04\/BD_VIRGINITAS_-1998_Installationdoku09-Kopie.jpg\" data-rel=\"lightbox-gallery-a0Uw6AWg\" data-rl_title=\"\" data-rl_caption=\"\" title=\"\"><img decoding=\"async\" loading=\"lazy\" class=\"alignnone wp-image-1044\" src=\"https:\/\/www.brigittedunkel.de\/wpbrig\/wp-content\/uploads\/2014\/04\/BD_VIRGINITAS_-1998_Installationdoku09-Kopie.jpg\" alt=\"VIRGINITAS,1998 *** painting and light concept\" width=\"425\" height=\"300\" srcset=\"https:\/\/www.brigittedunkel.de\/wpbrig\/wp-content\/uploads\/2014\/04\/BD_VIRGINITAS_-1998_Installationdoku09-Kopie.jpg 842w, https:\/\/www.brigittedunkel.de\/wpbrig\/wp-content\/uploads\/2014\/04\/BD_VIRGINITAS_-1998_Installationdoku09-Kopie-300x211.jpg 300w\" sizes=\"(max-width: 425px) 100vw, 425px\" \/><\/a><\/p>\n<p>&nbsp;<\/p>\n<p style=\"text-align: left;\"><span style=\"font-family: helvetica, arial, sans-serif; font-size: 12pt;\"><strong>LOCATION<\/strong><\/span><\/p>\n<p>&nbsp;<\/p>\n<p style=\"text-align: center;\"><a href=\"https:\/\/www.brigittedunkel.de\/wpbrig\/wp-content\/uploads\/2014\/04\/Kirche-der-KHG1.jpeg\" data-rel=\"lightbox-gallery-a0Uw6AWg\" data-rl_title=\"\" data-rl_caption=\"\" title=\"\"><img decoding=\"async\" loading=\"lazy\" class=\"alignnone wp-image-1048 size-full\" src=\"https:\/\/www.brigittedunkel.de\/wpbrig\/wp-content\/uploads\/2014\/04\/Kirche-der-KHG1.jpeg\" alt=\"University of Cologne * Chapel for catholic students \/ builduing (Photo: web)\" width=\"259\" height=\"194\" \/><\/a>\u00a0\u00a0 <a href=\"https:\/\/www.brigittedunkel.de\/wpbrig\/wp-content\/uploads\/2014\/04\/KHG_Krypta1.jpeg\" data-rel=\"lightbox-gallery-a0Uw6AWg\" data-rl_title=\"\" data-rl_caption=\"\" title=\"\"><img decoding=\"async\" loading=\"lazy\" class=\"alignnone wp-image-1050 size-full\" src=\"https:\/\/www.brigittedunkel.de\/wpbrig\/wp-content\/uploads\/2014\/04\/KHG_Krypta1.jpeg\" alt=\"University of Cologne * Chapel for catholic students \/ Crypt (Photo: web) \" width=\"259\" height=\"194\" \/><\/a><\/p>\n<p>&nbsp;<\/p>\n<p style=\"text-align: center;\"><span style=\"font-family: helvetica,arial,sans-serif; font-size: 10pt;\"><a href=\"https:\/\/www.brigittedunkel.de\/wpbrig\/wp-content\/uploads\/2014\/04\/Die-Kirche-der-Katholischen-Hochschulgemeinde-K\u00f6ln.pdf\" target=\"_blank\" rel=\"noopener\"><strong>Die Kirche der Katholischen Hochschulgemeinde K\u00f6ln PDF<\/strong><\/a><\/span><\/p>\n<p><span style=\"font-family: helvetica,arial,sans-serif; font-size: 10pt;\">Die Kirche wurde 1968 bis 1969 nach Entw\u00fcrfen des Paderborner Bildhauers Josef Rikus erbaut. Es entstand eine begehbare Beton-Freiplastik, deren tragender Pfeiler die Gestalt eines Baumes aufgreift. In der Krypta &#8222;verwurzelt&#8220; entwickelt sich nach oben ein starkes, in Sichtbeton gegossenes Ge\u00e4st.<\/span><\/p>\n<p><span style=\"font-family: helvetica,arial,sans-serif; font-size: 10pt;\">Die Betonw\u00e4nde werden von farbigen Glasb\u00e4ndern durchbrochen und geben den Blick frei zum benachbarten Wohnheim. Der Rheinische Verein\u00a0f\u00fcr Denkmalpflege und Landschaftsschutz hat im M\u00e4rz 2010 das f\u00fcr die Baukunst der 1960er und 1970er Jahre beispielhafte Objekt zum Denkmal des Monats ernannt, um eine angestrebte Unterschutzstellung zu betonen.<\/span><\/p>\n<p>&nbsp;<\/p>\n<p>&nbsp;<\/p>\n<p style=\"text-align: center;\"><span style=\"font-size: 10pt;\"><strong><em><a href=\"https:\/\/www.brigittedunkel.de\/wpbrig\/virginitas_1998\/\"><span style=\"font-family: helvetica, arial, sans-serif;\">Back to top<\/span><\/a><\/em><\/strong><\/span><\/p>\n<p style=\"text-align: center;\"><span style=\"font-family: helvetica,arial,sans-serif; font-size: small;\"><span style=\"font-family: helvetica,arial,sans-serif; font-size: 10pt;\">Photo Credit:\u00a0<\/span>Martin Randerath<\/span><\/p>\n<p style=\"text-align: center;\"><span style=\"font-size: 10pt; font-family: helvetica, arial, sans-serif;\">Chapel: Internet source<\/span><\/p>\n<p style=\"text-align: center;\"><span style=\"font-family: helvetica,arial,sans-serif; font-size: 10pt;\">\u00a9 BD \/ VG Bild-Kunst, Bonn \/ 2006-2026<\/span><\/p>\n<p style=\"text-align: center;\"><span style=\"font-family: helvetica,arial,sans-serif; font-size: 10pt;\">All Rights Reserved<\/span><\/p>\n","protected":false},"excerpt":{"rendered":"<p>\u00a0&lt; Archive overview &lt; Project LADY MADONNA VIRGINITAS (Cher Madonna) Site-specific painting and light installation\u00a0 \u00a0I\u00a0 \u00a0Part of the project\u00a0LADY MADONNA\u00a0(1990-1998) Solo exhibition at\u00a0CHAPEL JOHN XXIII (Crypt) &#8211; Kirche der Katholischen Hochschulgemeinde (Krypta)\u00a0 |\u00a0 Berrenrather Strasse 127 |\u00a0 50937 Cologne Opening: December 2, 1998\u00a0 &#8211;\u00a0 On view: December 3, 1998 &#8211;\u00a0 January 10, 1999 &nbsp; [&hellip;]<\/p>\n","protected":false},"author":1,"featured_media":0,"parent":0,"menu_order":0,"comment_status":"closed","ping_status":"closed","template":"","meta":[],"_links":{"self":[{"href":"https:\/\/www.brigittedunkel.de\/wpbrig\/wp-json\/wp\/v2\/pages\/748"}],"collection":[{"href":"https:\/\/www.brigittedunkel.de\/wpbrig\/wp-json\/wp\/v2\/pages"}],"about":[{"href":"https:\/\/www.brigittedunkel.de\/wpbrig\/wp-json\/wp\/v2\/types\/page"}],"author":[{"embeddable":true,"href":"https:\/\/www.brigittedunkel.de\/wpbrig\/wp-json\/wp\/v2\/users\/1"}],"replies":[{"embeddable":true,"href":"https:\/\/www.brigittedunkel.de\/wpbrig\/wp-json\/wp\/v2\/comments?post=748"}],"version-history":[{"count":129,"href":"https:\/\/www.brigittedunkel.de\/wpbrig\/wp-json\/wp\/v2\/pages\/748\/revisions"}],"predecessor-version":[{"id":24416,"href":"https:\/\/www.brigittedunkel.de\/wpbrig\/wp-json\/wp\/v2\/pages\/748\/revisions\/24416"}],"wp:attachment":[{"href":"https:\/\/www.brigittedunkel.de\/wpbrig\/wp-json\/wp\/v2\/media?parent=748"}],"curies":[{"name":"wp","href":"https:\/\/api.w.org\/{rel}","templated":true}]}}